{"id":21,"date":"2026-02-05T15:42:51","date_gmt":"2026-02-05T15:42:51","guid":{"rendered":"https:\/\/camping-tennie.point-com.net\/?page_id=21"},"modified":"2026-03-30T21:26:23","modified_gmt":"2026-03-30T21:26:23","slug":"contact-et-acces","status":"publish","type":"page","link":"https:\/\/camping-tennie.point-com.net\/index.php\/contact-et-acces\/","title":{"rendered":"Contact et Acc\u00e8s"},"content":{"rendered":"\t\t<div data-elementor-type=\"wp-page\" data-elementor-id=\"21\" class=\"elementor elementor-21\">\n\t\t\t\t<div class=\"elementor-element elementor-element-3f2a661f e-flex e-con-boxed wpr-particle-no wpr-jarallax-no wpr-parallax-no wpr-sticky-section-no e-con e-parent\" data-id=\"3f2a661f\" data-element_type=\"container\" data-e-type=\"container\" data-settings=\"{&quot;background_background&quot;:&quot;classic&quot;}\">\n\t\t\t\t\t<div class=\"e-con-inner\">\n\t\t\t\t<div class=\"elementor-element elementor-element-74c6f8d3 elementor-widget elementor-widget-heading\" data-id=\"74c6f8d3\" data-element_type=\"widget\" data-e-type=\"widget\" data-widget_type=\"heading.default\">\n\t\t\t\t\t<h2 class=\"elementor-heading-title elementor-size-default\">\nContact &amp; Acc\u00e8s<\/h2>\t\t\t\t<\/div>\n\t\t\t\t\t<\/div>\n\t\t\t\t<\/div>\n\t\t<div class=\"elementor-element elementor-element-95ecaa7 elementor-hidden-tablet elementor-hidden-mobile e-flex e-con-boxed wpr-particle-no wpr-jarallax-no wpr-parallax-no wpr-sticky-section-no e-con e-parent\" data-id=\"95ecaa7\" data-element_type=\"container\" data-e-type=\"container\" data-settings=\"{&quot;background_background&quot;:&quot;classic&quot;}\">\n\t\t\t\t\t<div class=\"e-con-inner\">\n\t\t\t\t<div class=\"elementor-element elementor-element-c3a8ac3 elementor-widget elementor-widget-heading\" data-id=\"c3a8ac3\" data-element_type=\"widget\" data-e-type=\"widget\" data-widget_type=\"heading.default\">\n\t\t\t\t\t<h2 class=\"elementor-heading-title elementor-size-default\">La V\u00e8gre<\/h2>\t\t\t\t<\/div>\n\t\t\t\t\t<\/div>\n\t\t\t\t<\/div>\n\t\t<div class=\"elementor-element elementor-element-491f366 e-flex e-con-boxed wpr-particle-no wpr-jarallax-no wpr-parallax-no wpr-sticky-section-no e-con e-parent\" data-id=\"491f366\" data-element_type=\"container\" data-e-type=\"container\">\n\t\t\t\t\t<div class=\"e-con-inner\">\n\t\t<div class=\"elementor-element elementor-element-5834349 e-con-full e-flex wpr-particle-no wpr-jarallax-no wpr-parallax-no wpr-sticky-section-no e-con e-child\" data-id=\"5834349\" data-element_type=\"container\" data-e-type=\"container\">\n\t\t\t\t<div class=\"elementor-element elementor-element-89e8ba8 elementor-widget elementor-widget-text-editor\" data-id=\"89e8ba8\" data-element_type=\"widget\" data-e-type=\"widget\" data-widget_type=\"text-editor.default\">\n\t\t\t\t\t\t\t\t\t<div class=\"cta\"><div class=\"cta\">SARTHE<\/div><div class=\"date\"><p>Ouvert du\u00a0<strong>01\/04<\/strong>\u00a0au\u00a0<strong>30\/09\/2026<br \/><\/strong><strong style=\"font-size: 16px;\">76 emplacements<br \/><\/strong><span style=\"font-size: 16px;\">Rue du Camping<br \/><\/span><span style=\"font-size: 16px;\">72240 Tennie<\/span><\/p><\/div><\/div>\t\t\t\t\t\t\t\t<\/div>\n\t\t\t\t<div class=\"elementor-element elementor-element-86c75f7 elementor-widget elementor-widget-button\" data-id=\"86c75f7\" data-element_type=\"widget\" data-e-type=\"widget\" data-widget_type=\"button.default\">\n\t\t\t\t\t\t\t\t\t\t<a class=\"elementor-button elementor-button-link elementor-size-sm\" href=\"\" target=\"_blank\">\n\t\t\t\t\t\t<span class=\"elementor-button-content-wrapper\">\n\t\t\t\t\t\t<span class=\"elementor-button-icon\">\n\t\t\t\t<svg aria-hidden=\"true\" class=\"e-font-icon-svg e-fas-location-arrow\" viewBox=\"0 0 512 512\" xmlns=\"http:\/\/www.w3.org\/2000\/svg\"><path d=\"M444.52 3.52L28.74 195.42c-47.97 22.39-31.98 92.75 19.19 92.75h175.91v175.91c0 51.17 70.36 67.17 92.75 19.19l191.9-415.78c15.99-38.39-25.59-79.97-63.97-63.97z\"><\/path><\/svg>\t\t\t<\/span>\n\t\t\t\t\t\t\t\t\t<span class=\"elementor-button-text\"> Voir sur la carte<\/span>\n\t\t\t\t\t<\/span>\n\t\t\t\t\t<\/a>\n\t\t\t\t\t\t\t\t<\/div>\n\t\t\t\t<\/div>\n\t\t<div class=\"elementor-element elementor-element-f9174c6 e-con-full e-flex wpr-particle-no wpr-jarallax-no wpr-parallax-no wpr-sticky-section-no e-con e-child\" data-id=\"f9174c6\" data-element_type=\"container\" data-e-type=\"container\">\n\t\t\t\t<div class=\"elementor-element elementor-element-e0a8892 elementor-widget elementor-widget-text-editor\" data-id=\"e0a8892\" data-element_type=\"widget\" data-e-type=\"widget\" data-widget_type=\"text-editor.default\">\n\t\t\t\t\t\t\t\t\t<p>contact@camping-tennie.com<\/p><p>\u00a002 58 47 37 88<\/p>\t\t\t\t\t\t\t\t<\/div>\n\t\t\t\t<div class=\"elementor-element elementor-element-08b8e3d elementor-widget elementor-widget-button\" data-id=\"08b8e3d\" data-element_type=\"widget\" data-e-type=\"widget\" data-widget_type=\"button.default\">\n\t\t\t\t\t\t\t\t\t\t<a class=\"elementor-button elementor-button-link elementor-size-sm\" href=\"#\">\n\t\t\t\t\t\t<span class=\"elementor-button-content-wrapper\">\n\t\t\t\t\t\t<span class=\"elementor-button-icon\">\n\t\t\t\t<svg aria-hidden=\"true\" class=\"e-font-icon-svg e-far-address-book\" viewBox=\"0 0 448 512\" xmlns=\"http:\/\/www.w3.org\/2000\/svg\"><path d=\"M436 160c6.6 0 12-5.4 12-12v-40c0-6.6-5.4-12-12-12h-20V48c0-26.5-21.5-48-48-48H48C21.5 0 0 21.5 0 48v416c0 26.5 21.5 48 48 48h320c26.5 0 48-21.5 48-48v-48h20c6.6 0 12-5.4 12-12v-40c0-6.6-5.4-12-12-12h-20v-64h20c6.6 0 12-5.4 12-12v-40c0-6.6-5.4-12-12-12h-20v-64h20zm-68 304H48V48h320v416zM208 256c35.3 0 64-28.7 64-64s-28.7-64-64-64-64 28.7-64 64 28.7 64 64 64zm-89.6 128h179.2c12.4 0 22.4-8.6 22.4-19.2v-19.2c0-31.8-30.1-57.6-67.2-57.6-10.8 0-18.7 8-44.8 8-26.9 0-33.4-8-44.8-8-37.1 0-67.2 25.8-67.2 57.6v19.2c0 10.6 10 19.2 22.4 19.2z\"><\/path><\/svg>\t\t\t<\/span>\n\t\t\t\t\t\t\t\t\t<span class=\"elementor-button-text\">R\u00c9SERVEZ<\/span>\n\t\t\t\t\t<\/span>\n\t\t\t\t\t<\/a>\n\t\t\t\t\t\t\t\t<\/div>\n\t\t\t\t<\/div>\n\t\t\t\t\t<\/div>\n\t\t\t\t<\/div>\n\t\t<div class=\"elementor-element elementor-element-6b398f0 e-flex e-con-boxed wpr-particle-no wpr-jarallax-no wpr-parallax-no wpr-sticky-section-no e-con e-parent\" data-id=\"6b398f0\" data-element_type=\"container\" data-e-type=\"container\">\n\t\t\t\t\t<div class=\"e-con-inner\">\n\t\t\t\t<div class=\"elementor-element elementor-element-28f0aeb elementor-widget elementor-widget-heading\" data-id=\"28f0aeb\" data-element_type=\"widget\" data-e-type=\"widget\" data-widget_type=\"heading.default\">\n\t\t\t\t\t<h2 class=\"elementor-heading-title elementor-size-default\">Comment nous trouver ?<\/h2>\t\t\t\t<\/div>\n\t\t\t\t\t<\/div>\n\t\t\t\t<\/div>\n\t\t<div class=\"elementor-element elementor-element-43769d4 e-flex e-con-boxed wpr-particle-no wpr-jarallax-no wpr-parallax-no wpr-sticky-section-no e-con e-parent\" data-id=\"43769d4\" data-element_type=\"container\" data-e-type=\"container\">\n\t\t\t\t\t<div class=\"e-con-inner\">\n\t\t<div class=\"elementor-element elementor-element-f79072b e-con-full e-flex wpr-particle-no wpr-jarallax-no wpr-parallax-no wpr-sticky-section-no e-con e-child\" data-id=\"f79072b\" data-element_type=\"container\" data-e-type=\"container\">\n\t\t\t\t<div class=\"elementor-element elementor-element-2bded6e elementor-view-default elementor-widget elementor-widget-icon\" data-id=\"2bded6e\" data-element_type=\"widget\" data-e-type=\"widget\" data-widget_type=\"icon.default\">\n\t\t\t\t\t\t\t<div class=\"elementor-icon-wrapper\">\n\t\t\t<div class=\"elementor-icon\">\n\t\t\t<svg aria-hidden=\"true\" class=\"e-font-icon-svg e-fas-map-marker-alt\" viewBox=\"0 0 384 512\" xmlns=\"http:\/\/www.w3.org\/2000\/svg\"><path d=\"M172.268 501.67C26.97 291.031 0 269.413 0 192 0 85.961 85.961 0 192 0s192 85.961 192 192c0 77.413-26.97 99.031-172.268 309.67-9.535 13.774-29.93 13.773-39.464 0zM192 272c44.183 0 80-35.817 80-80s-35.817-80-80-80-80 35.817-80 80 35.817 80 80 80z\"><\/path><\/svg>\t\t\t<\/div>\n\t\t<\/div>\n\t\t\t\t\t\t<\/div>\n\t\t\t\t<div class=\"elementor-element elementor-element-6b1228d elementor-widget elementor-widget-text-editor\" data-id=\"6b1228d\" data-element_type=\"widget\" data-e-type=\"widget\" data-widget_type=\"text-editor.default\">\n\t\t\t\t\t\t\t\t\t<p>Rue du Camping<br \/>72240 Tennie<br \/>Latitude : 48.107396<br \/>Longitude : -0.078766<\/p>\t\t\t\t\t\t\t\t<\/div>\n\t\t\t\t<\/div>\n\t\t<div class=\"elementor-element elementor-element-ad783ae e-con-full e-flex wpr-particle-no wpr-jarallax-no wpr-parallax-no wpr-sticky-section-no e-con e-child\" data-id=\"ad783ae\" data-element_type=\"container\" data-e-type=\"container\">\n\t\t\t\t<div class=\"elementor-element elementor-element-a388e3e elementor-view-default elementor-widget elementor-widget-icon\" data-id=\"a388e3e\" data-element_type=\"widget\" data-e-type=\"widget\" data-widget_type=\"icon.default\">\n\t\t\t\t\t\t\t<div class=\"elementor-icon-wrapper\">\n\t\t\t<div class=\"elementor-icon\">\n\t\t\t<svg aria-hidden=\"true\" class=\"e-font-icon-svg e-fas-map-signs\" viewBox=\"0 0 512 512\" xmlns=\"http:\/\/www.w3.org\/2000\/svg\"><path d=\"M507.31 84.69L464 41.37c-6-6-14.14-9.37-22.63-9.37H288V16c0-8.84-7.16-16-16-16h-32c-8.84 0-16 7.16-16 16v16H56c-13.25 0-24 10.75-24 24v80c0 13.25 10.75 24 24 24h385.37c8.49 0 16.62-3.37 22.63-9.37l43.31-43.31c6.25-6.26 6.25-16.38 0-22.63zM224 496c0 8.84 7.16 16 16 16h32c8.84 0 16-7.16 16-16V384h-64v112zm232-272H288v-32h-64v32H70.63c-8.49 0-16.62 3.37-22.63 9.37L4.69 276.69c-6.25 6.25-6.25 16.38 0 22.63L48 342.63c6 6 14.14 9.37 22.63 9.37H456c13.25 0 24-10.75 24-24v-80c0-13.25-10.75-24-24-24z\"><\/path><\/svg>\t\t\t<\/div>\n\t\t<\/div>\n\t\t\t\t\t\t<\/div>\n\t\t\t\t<div class=\"elementor-element elementor-element-f135ac2 elementor-widget elementor-widget-text-editor\" data-id=\"f135ac2\" data-element_type=\"widget\" data-e-type=\"widget\" data-widget_type=\"text-editor.default\">\n\t\t\t\t\t\t\t\t\t<p>Depuis Paris : suivre autoroute A10 puis A11.<br \/>Rejoindre A10\/E50 puis suivre E05\/Orl\u00e9ans\/Nantes\/Bordeaux\/Chartres\/Orsay. Continuez ensuite sur A11 et prendre la sortie 8 vers Le Mans-Centre\/Lou\u00e9\/Le Mans-Universit\u00e9. Prendre D28 et D45 en direction de Impasse de Rubesquet \u00e0 Tennie.<\/p>\t\t\t\t\t\t\t\t<\/div>\n\t\t\t\t<\/div>\n\t\t\t\t\t<\/div>\n\t\t\t\t<\/div>\n\t\t<div class=\"elementor-element elementor-element-6568f4f e-flex e-con-boxed wpr-particle-no wpr-jarallax-no wpr-parallax-no wpr-sticky-section-no e-con e-parent\" data-id=\"6568f4f\" data-element_type=\"container\" data-e-type=\"container\">\n\t\t\t\t\t<div class=\"e-con-inner\">\n\t\t\t\t<div class=\"elementor-element elementor-element-2dc0d31 elementor-view-default elementor-widget elementor-widget-icon\" data-id=\"2dc0d31\" data-element_type=\"widget\" data-e-type=\"widget\" data-widget_type=\"icon.default\">\n\t\t\t\t\t\t\t<div class=\"elementor-icon-wrapper\">\n\t\t\t<div class=\"elementor-icon\">\n\t\t\t<svg aria-hidden=\"true\" class=\"e-font-icon-svg e-fas-train\" viewBox=\"0 0 448 512\" xmlns=\"http:\/\/www.w3.org\/2000\/svg\"><path d=\"M448 96v256c0 51.815-61.624 96-130.022 96l62.98 49.721C386.905 502.417 383.562 512 376 512H72c-7.578 0-10.892-9.594-4.957-14.279L130.022 448C61.82 448 0 403.954 0 352V96C0 42.981 64 0 128 0h192c65 0 128 42.981 128 96zm-48 136V120c0-13.255-10.745-24-24-24H72c-13.255 0-24 10.745-24 24v112c0 13.255 10.745 24 24 24h304c13.255 0 24-10.745 24-24zm-176 64c-30.928 0-56 25.072-56 56s25.072 56 56 56 56-25.072 56-56-25.072-56-56-56z\"><\/path><\/svg>\t\t\t<\/div>\n\t\t<\/div>\n\t\t\t\t\t\t<\/div>\n\t\t\t\t<div class=\"elementor-element elementor-element-9aac686 elementor-widget elementor-widget-text-editor\" data-id=\"9aac686\" data-element_type=\"widget\" data-e-type=\"widget\" data-widget_type=\"text-editor.default\">\n\t\t\t\t\t\t\t\t\t<p><strong>En train depuis Paris<\/strong> : Embarquez en Gare de Paris \u2013 Montparnasse et descendez en Gare du Mans. Correspondance TER jusqu\u2019en Gare de Conlie. Prenez le Bus 209 Vers Place du Stade (Rouez) et descendez \u00e0 l\u2019arr\u00eat Mairie de Tennie, situ\u00e9 \u00e0 6 minutes \u00e0 pied du camping.<\/p>\t\t\t\t\t\t\t\t<\/div>\n\t\t\t\t\t<\/div>\n\t\t\t\t<\/div>\n\t\t<div class=\"elementor-element elementor-element-0cf23cd e-flex e-con-boxed wpr-particle-no wpr-jarallax-no wpr-parallax-no wpr-sticky-section-no e-con e-parent\" data-id=\"0cf23cd\" data-element_type=\"container\" data-e-type=\"container\">\n\t\t\t\t\t<div class=\"e-con-inner\">\n\t\t\t\t<div class=\"elementor-element elementor-element-17baa0d elementor-widget elementor-widget-google_maps\" data-id=\"17baa0d\" data-element_type=\"widget\" data-e-type=\"widget\" data-widget_type=\"google_maps.default\">\n\t\t\t\t\t\t\t<div class=\"elementor-custom-embed\">\n\t\t\t<iframe loading=\"lazy\"\n\t\t\t\t\tsrc=\"https:\/\/maps.google.com\/maps?q=campin%20de%20tennie&#038;t=m&#038;z=10&#038;output=embed&#038;iwloc=near\"\n\t\t\t\t\ttitle=\"campin de tennie\"\n\t\t\t\t\taria-label=\"campin de tennie\"\n\t\t\t><\/iframe>\n\t\t<\/div>\n\t\t\t\t\t\t<\/div>\n\t\t\t\t\t<\/div>\n\t\t\t\t<\/div>\n\t\t\t\t<\/div>\n\t\t","protected":false},"excerpt":{"rendered":"<p>Contact &amp; Acc\u00e8s La V\u00e8gre SARTHE Ouvert du\u00a001\/04\u00a0au\u00a030\/09\/202676 emplacementsRue du Camping72240 Tennie Voir sur la carte contact@camping-tennie.com \u00a002 58 47 37 88 R\u00c9SERVEZ Comment nous trouver ? Rue du Camping72240 TennieLatitude : 48.107396Longitude : -0.078766 Depuis Paris : suivre autoroute A10 puis A11.Rejoindre A10\/E50 puis suivre E05\/Orl\u00e9ans\/Nantes\/Bordeaux\/Chartres\/Orsay. Continuez ensuite sur A11 et prendre la sortie 8 vers Le Mans-Centre\/Lou\u00e9\/Le Mans-Universit\u00e9. Prendre D28 et D45 en direction de Impasse de Rubesquet \u00e0 Tennie. En train depuis Paris : Embarquez en Gare de Paris \u2013 Montparnasse et descendez en Gare du Mans. Correspondance TER jusqu\u2019en Gare de Conlie. Prenez le Bus 209 Vers Place du Stade (Rouez) et descendez \u00e0 l\u2019arr\u00eat Mairie de Tennie, situ\u00e9 \u00e0 6 minutes \u00e0 pied du camping.<\/p>\n","protected":false},"author":1,"featured_media":0,"parent":0,"menu_order":0,"comment_status":"closed","ping_status":"closed","template":"","meta":{"_uag_custom_page_level_css":"","site-sidebar-layout":"no-sidebar","site-content-layout":"","ast-site-content-layout":"full-width-container","site-content-style":"default","site-sidebar-style":"default","ast-global-header-display":"","ast-banner-title-visibility":"","ast-main-header-display":"","ast-hfb-above-header-display":"","ast-hfb-below-header-display":"","ast-hfb-mobile-header-display":"","site-post-title":"disabled","ast-breadcrumbs-content":"","ast-featured-img":"disabled","footer-sml-layout":"","ast-disable-related-posts":"","theme-transparent-header-meta":"","adv-header-id-meta":"","stick-header-meta":"","header-above-stick-meta":"","header-main-stick-meta":"","header-below-stick-meta":"","astra-migrate-meta-layouts":"default","ast-page-background-enabled":"default","ast-page-background-meta":{"desktop":{"background-color":"var(--ast-global-color-5)","background-image":"","background-repeat":"repeat","background-position":"center center","background-size":"auto","background-attachment":"scroll","background-type":"","background-media":"","overlay-type":"","overlay-color":"","overlay-opacity":"","overlay-gradient":""},"tablet":{"background-color":"","background-image":"","background-repeat":"repeat","background-position":"center center","background-size":"auto","background-attachment":"scroll","background-type":"","background-media":"","overlay-type":"","overlay-color":"","overlay-opacity":"","overlay-gradient":""},"mobile":{"background-color":"","background-image":"","background-repeat":"repeat","background-position":"center center","background-size":"auto","background-attachment":"scroll","background-type":"","background-media":"","overlay-type":"","overlay-color":"","overlay-opacity":"","overlay-gradient":""}},"ast-content-background-meta":{"desktop":{"background-color":"var(--ast-global-color-4)","background-image":"","background-repeat":"repeat","background-position":"center center","background-size":"auto","background-attachment":"scroll","background-type":"","background-media":"","overlay-type":"","overlay-color":"","overlay-opacity":"","overlay-gradient":""},"tablet":{"background-color":"var(--ast-global-color-4)","background-image":"","background-repeat":"repeat","background-position":"center center","background-size":"auto","background-attachment":"scroll","background-type":"","background-media":"","overlay-type":"","overlay-color":"","overlay-opacity":"","overlay-gradient":""},"mobile":{"background-color":"var(--ast-global-color-4)","background-image":"","background-repeat":"repeat","background-position":"center center","background-size":"auto","background-attachment":"scroll","background-type":"","background-media":"","overlay-type":"","overlay-color":"","overlay-opacity":"","overlay-gradient":""}},"footnotes":""},"class_list":["post-21","page","type-page","status-publish","hentry"],"yoast_head":"<!-- This site is optimized with the Yoast SEO plugin v27.3 - https:\/\/yoast.com\/product\/yoast-seo-wordpress\/ -->\n<title>Contact et Acc\u00e8s - Camping de la V\u00e8gre<\/title>\n<meta name=\"robots\" content=\"index, follow, max-snippet:-1, max-image-preview:large, max-video-preview:-1\" \/>\n<link rel=\"canonical\" href=\"https:\/\/camping-tennie.point-com.net\/index.php\/contact-et-acces\/\" \/>\n<meta property=\"og:locale\" content=\"fr_FR\" \/>\n<meta property=\"og:type\" content=\"article\" \/>\n<meta property=\"og:title\" content=\"Contact et Acc\u00e8s - Camping de la V\u00e8gre\" \/>\n<meta property=\"og:description\" content=\"Contact &amp; Acc\u00e8s La V\u00e8gre SARTHE Ouvert du\u00a001\/04\u00a0au\u00a030\/09\/202676 emplacementsRue du Camping72240 Tennie Voir sur la carte contact@camping-tennie.com \u00a002 58 47 37 88 R\u00c9SERVEZ Comment nous trouver ? Rue du Camping72240 TennieLatitude : 48.107396Longitude : -0.078766 Depuis Paris : suivre autoroute A10 puis A11.Rejoindre A10\/E50 puis suivre E05\/Orl\u00e9ans\/Nantes\/Bordeaux\/Chartres\/Orsay. Continuez ensuite sur A11 et prendre la sortie 8 vers Le Mans-Centre\/Lou\u00e9\/Le Mans-Universit\u00e9. Prendre D28 et D45 en direction de Impasse de Rubesquet \u00e0 Tennie. En train depuis Paris : Embarquez en Gare de Paris \u2013 Montparnasse et descendez en Gare du Mans. Correspondance TER jusqu\u2019en Gare de Conlie. Prenez le Bus 209 Vers Place du Stade (Rouez) et descendez \u00e0 l\u2019arr\u00eat Mairie de Tennie, situ\u00e9 \u00e0 6 minutes \u00e0 pied du camping.\" \/>\n<meta property=\"og:url\" content=\"https:\/\/camping-tennie.point-com.net\/index.php\/contact-et-acces\/\" \/>\n<meta property=\"og:site_name\" content=\"Camping de la V\u00e8gre\" \/>\n<meta property=\"article:modified_time\" content=\"2026-03-30T21:26:23+00:00\" \/>\n<meta name=\"twitter:card\" content=\"summary_large_image\" \/>\n<meta name=\"twitter:label1\" content=\"Dur\u00e9e de lecture estim\u00e9e\" \/>\n\t<meta name=\"twitter:data1\" content=\"1 minute\" \/>\n<script type=\"application\/ld+json\" class=\"yoast-schema-graph\">{\"@context\":\"https:\\\/\\\/schema.org\",\"@graph\":[{\"@type\":\"WebPage\",\"@id\":\"https:\\\/\\\/camping-tennie.point-com.net\\\/index.php\\\/contact-et-acces\\\/\",\"url\":\"https:\\\/\\\/camping-tennie.point-com.net\\\/index.php\\\/contact-et-acces\\\/\",\"name\":\"Contact et Acc\u00e8s - Camping de la V\u00e8gre\",\"isPartOf\":{\"@id\":\"https:\\\/\\\/camping-tennie.point-com.net\\\/#website\"},\"datePublished\":\"2026-02-05T15:42:51+00:00\",\"dateModified\":\"2026-03-30T21:26:23+00:00\",\"breadcrumb\":{\"@id\":\"https:\\\/\\\/camping-tennie.point-com.net\\\/index.php\\\/contact-et-acces\\\/#breadcrumb\"},\"inLanguage\":\"fr-FR\",\"potentialAction\":[{\"@type\":\"ReadAction\",\"target\":[\"https:\\\/\\\/camping-tennie.point-com.net\\\/index.php\\\/contact-et-acces\\\/\"]}]},{\"@type\":\"BreadcrumbList\",\"@id\":\"https:\\\/\\\/camping-tennie.point-com.net\\\/index.php\\\/contact-et-acces\\\/#breadcrumb\",\"itemListElement\":[{\"@type\":\"ListItem\",\"position\":1,\"name\":\"Accueil\",\"item\":\"https:\\\/\\\/camping-tennie.point-com.net\\\/\"},{\"@type\":\"ListItem\",\"position\":2,\"name\":\"Contact et Acc\u00e8s\"}]},{\"@type\":\"WebSite\",\"@id\":\"https:\\\/\\\/camping-tennie.point-com.net\\\/#website\",\"url\":\"https:\\\/\\\/camping-tennie.point-com.net\\\/\",\"name\":\"Camping de la V\u00e8gre\",\"description\":\"\",\"publisher\":{\"@id\":\"https:\\\/\\\/camping-tennie.point-com.net\\\/#organization\"},\"potentialAction\":[{\"@type\":\"SearchAction\",\"target\":{\"@type\":\"EntryPoint\",\"urlTemplate\":\"https:\\\/\\\/camping-tennie.point-com.net\\\/?s={search_term_string}\"},\"query-input\":{\"@type\":\"PropertyValueSpecification\",\"valueRequired\":true,\"valueName\":\"search_term_string\"}}],\"inLanguage\":\"fr-FR\"},{\"@type\":\"Organization\",\"@id\":\"https:\\\/\\\/camping-tennie.point-com.net\\\/#organization\",\"name\":\"Camping de la V\u00e8gre\",\"url\":\"https:\\\/\\\/camping-tennie.point-com.net\\\/\",\"logo\":{\"@type\":\"ImageObject\",\"inLanguage\":\"fr-FR\",\"@id\":\"https:\\\/\\\/camping-tennie.point-com.net\\\/#\\\/schema\\\/logo\\\/image\\\/\",\"url\":\"https:\\\/\\\/camping-tennie.point-com.net\\\/wp-content\\\/uploads\\\/2026\\\/02\\\/logo-camping-tennie.png\",\"contentUrl\":\"https:\\\/\\\/camping-tennie.point-com.net\\\/wp-content\\\/uploads\\\/2026\\\/02\\\/logo-camping-tennie.png\",\"width\":534,\"height\":111,\"caption\":\"Camping de la V\u00e8gre\"},\"image\":{\"@id\":\"https:\\\/\\\/camping-tennie.point-com.net\\\/#\\\/schema\\\/logo\\\/image\\\/\"}}]}<\/script>\n<!-- \/ Yoast SEO plugin. -->","yoast_head_json":{"title":"Contact et Acc\u00e8s - Camping de la V\u00e8gre","robots":{"index":"index","follow":"follow","max-snippet":"max-snippet:-1","max-image-preview":"max-image-preview:large","max-video-preview":"max-video-preview:-1"},"canonical":"https:\/\/camping-tennie.point-com.net\/index.php\/contact-et-acces\/","og_locale":"fr_FR","og_type":"article","og_title":"Contact et Acc\u00e8s - Camping de la V\u00e8gre","og_description":"Contact &amp; Acc\u00e8s La V\u00e8gre SARTHE Ouvert du\u00a001\/04\u00a0au\u00a030\/09\/202676 emplacementsRue du Camping72240 Tennie Voir sur la carte contact@camping-tennie.com \u00a002 58 47 37 88 R\u00c9SERVEZ Comment nous trouver ? Rue du Camping72240 TennieLatitude : 48.107396Longitude : -0.078766 Depuis Paris : suivre autoroute A10 puis A11.Rejoindre A10\/E50 puis suivre E05\/Orl\u00e9ans\/Nantes\/Bordeaux\/Chartres\/Orsay. Continuez ensuite sur A11 et prendre la sortie 8 vers Le Mans-Centre\/Lou\u00e9\/Le Mans-Universit\u00e9. Prendre D28 et D45 en direction de Impasse de Rubesquet \u00e0 Tennie. En train depuis Paris : Embarquez en Gare de Paris \u2013 Montparnasse et descendez en Gare du Mans. Correspondance TER jusqu\u2019en Gare de Conlie. Prenez le Bus 209 Vers Place du Stade (Rouez) et descendez \u00e0 l\u2019arr\u00eat Mairie de Tennie, situ\u00e9 \u00e0 6 minutes \u00e0 pied du camping.","og_url":"https:\/\/camping-tennie.point-com.net\/index.php\/contact-et-acces\/","og_site_name":"Camping de la V\u00e8gre","article_modified_time":"2026-03-30T21:26:23+00:00","twitter_card":"summary_large_image","twitter_misc":{"Dur\u00e9e de lecture estim\u00e9e":"1 minute"},"schema":{"@context":"https:\/\/schema.org","@graph":[{"@type":"WebPage","@id":"https:\/\/camping-tennie.point-com.net\/index.php\/contact-et-acces\/","url":"https:\/\/camping-tennie.point-com.net\/index.php\/contact-et-acces\/","name":"Contact et Acc\u00e8s - Camping de la V\u00e8gre","isPartOf":{"@id":"https:\/\/camping-tennie.point-com.net\/#website"},"datePublished":"2026-02-05T15:42:51+00:00","dateModified":"2026-03-30T21:26:23+00:00","breadcrumb":{"@id":"https:\/\/camping-tennie.point-com.net\/index.php\/contact-et-acces\/#breadcrumb"},"inLanguage":"fr-FR","potentialAction":[{"@type":"ReadAction","target":["https:\/\/camping-tennie.point-com.net\/index.php\/contact-et-acces\/"]}]},{"@type":"BreadcrumbList","@id":"https:\/\/camping-tennie.point-com.net\/index.php\/contact-et-acces\/#breadcrumb","itemListElement":[{"@type":"ListItem","position":1,"name":"Accueil","item":"https:\/\/camping-tennie.point-com.net\/"},{"@type":"ListItem","position":2,"name":"Contact et Acc\u00e8s"}]},{"@type":"WebSite","@id":"https:\/\/camping-tennie.point-com.net\/#website","url":"https:\/\/camping-tennie.point-com.net\/","name":"Camping de la V\u00e8gre","description":"","publisher":{"@id":"https:\/\/camping-tennie.point-com.net\/#organization"},"potentialAction":[{"@type":"SearchAction","target":{"@type":"EntryPoint","urlTemplate":"https:\/\/camping-tennie.point-com.net\/?s={search_term_string}"},"query-input":{"@type":"PropertyValueSpecification","valueRequired":true,"valueName":"search_term_string"}}],"inLanguage":"fr-FR"},{"@type":"Organization","@id":"https:\/\/camping-tennie.point-com.net\/#organization","name":"Camping de la V\u00e8gre","url":"https:\/\/camping-tennie.point-com.net\/","logo":{"@type":"ImageObject","inLanguage":"fr-FR","@id":"https:\/\/camping-tennie.point-com.net\/#\/schema\/logo\/image\/","url":"https:\/\/camping-tennie.point-com.net\/wp-content\/uploads\/2026\/02\/logo-camping-tennie.png","contentUrl":"https:\/\/camping-tennie.point-com.net\/wp-content\/uploads\/2026\/02\/logo-camping-tennie.png","width":534,"height":111,"caption":"Camping de la V\u00e8gre"},"image":{"@id":"https:\/\/camping-tennie.point-com.net\/#\/schema\/logo\/image\/"}}]}},"uagb_featured_image_src":{"full":false,"thumbnail":false,"medium":false,"medium_large":false,"large":false,"1536x1536":false,"2048x2048":false},"uagb_author_info":{"display_name":"admin","author_link":"https:\/\/camping-tennie.point-com.net\/index.php\/author\/pointcom\/"},"uagb_comment_info":0,"uagb_excerpt":"Contact &amp; Acc\u00e8s La V\u00e8gre SARTHE Ouvert du\u00a001\/04\u00a0au\u00a030\/09\/202676 emplacementsRue du Camping72240 Tennie Voir sur la carte contact@camping-tennie.com \u00a002 58 47 37 88 R\u00c9SERVEZ Comment nous trouver ? Rue du Camping72240 TennieLatitude : 48.107396Longitude : -0.078766 Depuis Paris : suivre autoroute A10 puis A11.Rejoindre A10\/E50 puis suivre E05\/Orl\u00e9ans\/Nantes\/Bordeaux\/Chartres\/Orsay. Continuez ensuite sur A11 et prendre la sortie\u2026","_links":{"self":[{"href":"https:\/\/camping-tennie.point-com.net\/index.php\/wp-json\/wp\/v2\/pages\/21","targetHints":{"allow":["GET"]}}],"collection":[{"href":"https:\/\/camping-tennie.point-com.net\/index.php\/wp-json\/wp\/v2\/pages"}],"about":[{"href":"https:\/\/camping-tennie.point-com.net\/index.php\/wp-json\/wp\/v2\/types\/page"}],"author":[{"embeddable":true,"href":"https:\/\/camping-tennie.point-com.net\/index.php\/wp-json\/wp\/v2\/users\/1"}],"replies":[{"embeddable":true,"href":"https:\/\/camping-tennie.point-com.net\/index.php\/wp-json\/wp\/v2\/comments?post=21"}],"version-history":[{"count":56,"href":"https:\/\/camping-tennie.point-com.net\/index.php\/wp-json\/wp\/v2\/pages\/21\/revisions"}],"predecessor-version":[{"id":745,"href":"https:\/\/camping-tennie.point-com.net\/index.php\/wp-json\/wp\/v2\/pages\/21\/revisions\/745"}],"wp:attachment":[{"href":"https:\/\/camping-tennie.point-com.net\/index.php\/wp-json\/wp\/v2\/media?parent=21"}],"curies":[{"name":"wp","href":"https:\/\/api.w.org\/{rel}","templated":true}]}}